{"id":3975,"date":"2025-07-23T02:32:04","date_gmt":"2025-07-23T02:32:04","guid":{"rendered":"https:\/\/natabycare.com\/?page_id=3975"},"modified":"2026-02-24T11:30:12","modified_gmt":"2026-02-24T11:30:12","slug":"lien-he-2","status":"publish","type":"page","link":"https:\/\/natabycare.com\/en\/lien-he-2\/","title":{"rendered":"CONTACT US"},"content":{"rendered":"\t\t<div data-elementor-type=\"wp-page\" data-elementor-id=\"3975\" class=\"elementor elementor-3975\">\n\t\t\t\t<div class=\"elementor-element elementor-element-c0e9ff4 e-flex e-con-boxed e-con e-parent\" data-id=\"c0e9ff4\" data-element_type=\"container\">\n\t\t\t\t\t<div class=\"e-con-inner\">\n\t\t\t\t<div class=\"elementor-element elementor-element-2630bec elementor-widget elementor-widget-image\" data-id=\"2630bec\" data-element_type=\"widget\" data-widget_type=\"image.default\">\n\t\t\t\t\t\t\t\t\t\t\t\t\t\t\t<img fetchpriority=\"high\" decoding=\"async\" width=\"985\" height=\"100\" src=\"https:\/\/natabycare.com\/wp-content\/uploads\/2025\/07\/Thiet-ke-chua-co-ten-8.png\" class=\"attachment-large size-large wp-image-3611\" alt=\"\" srcset=\"https:\/\/natabycare.com\/wp-content\/uploads\/2025\/07\/Thiet-ke-chua-co-ten-8.png 985w, https:\/\/natabycare.com\/wp-content\/uploads\/2025\/07\/Thiet-ke-chua-co-ten-8-300x30.png 300w, https:\/\/natabycare.com\/wp-content\/uploads\/2025\/07\/Thiet-ke-chua-co-ten-8-768x78.png 768w\" sizes=\"(max-width: 985px) 100vw, 985px\" \/>\t\t\t\t\t\t\t\t\t\t\t\t\t\t\t<\/div>\n\t\t<div class=\"elementor-element elementor-element-6b78c5e e-con-full e-flex e-con e-child\" data-id=\"6b78c5e\" data-element_type=\"container\">\n\t\t\t\t<div class=\"elementor-element elementor-element-8ce48fc elementor-widget elementor-widget-shortcode\" data-id=\"8ce48fc\" data-element_type=\"widget\" data-widget_type=\"shortcode.default\">\n\t\t\t\t\t\t\t<div class=\"elementor-shortcode\"><\/div>\n\t\t\t\t\t\t<\/div>\n\t\t\t\t<\/div>\n\t\t\t\t\t<\/div>\n\t\t\t\t<\/div>\n\t\t<div class=\"elementor-element elementor-element-fcd16f7 e-flex e-con-boxed e-con e-parent\" data-id=\"fcd16f7\" data-element_type=\"container\">\n\t\t\t\t\t<div class=\"e-con-inner\">\n\t\t<div class=\"elementor-element elementor-element-eba4ede e-con-full e-flex e-con e-child\" data-id=\"eba4ede\" data-element_type=\"container\">\n\t\t\t\t<div class=\"elementor-element elementor-element-2510637 elementor-widget elementor-widget-heading\" data-id=\"2510637\" data-element_type=\"widget\" data-widget_type=\"heading.default\">\n\t\t\t\t\t<h2 class=\"elementor-heading-title elementor-size-default\">H\u00e3y \u0111\u1ec3 l\u1ea1i l\u1eddi nh\u1eafn c\u1ee7a b\u1ea1n <\/h2>\t\t\t\t<\/div>\n\t\t\t\t<div class=\"elementor-element elementor-element-d1a8fc1 elementor-widget elementor-widget-wpforms\" data-id=\"d1a8fc1\" data-element_type=\"widget\" data-widget_type=\"wpforms.default\">\n\t\t\t\t<div class=\"elementor-widget-container\">\n\t\t\t\t\t<div class=\"wpforms-container \" id=\"wpforms-3948\"><form id=\"wpforms-form-3948\" class=\"wpforms-validate wpforms-form wpforms-ajax-form\" data-formid=\"3948\" method=\"post\" enctype=\"multipart\/form-data\" action=\"\/en\/wp-json\/wp\/v2\/pages\/3975\" data-token=\"8ad8c0512e03a966784d52b3110cd8b7\" data-token-time=\"1776426953\"><noscript class=\"wpforms-error-noscript\">Please enable JavaScript in your browser to complete this form.<\/noscript><div class=\"wpforms-field-container\">\t\t<div id=\"wpforms-3948-field_3-container\"\n\t\t\tclass=\"wpforms-field wpforms-field-text\"\n\t\t\tdata-field-type=\"text\"\n\t\t\tdata-field-id=\"3\"\n\t\t\t>\n\t\t\t<label class=\"wpforms-field-label\" for=\"wpforms-3948-field_3\" >nh\u1eafn Care Email<\/label>\n\t\t\t<input type=\"text\" id=\"wpforms-3948-field_3\" class=\"wpforms-field-medium\" name=\"wpforms[fields][3]\" >\n\t\t<\/div>\n\t\t<div id=\"wpforms-3948-field_1-container\" class=\"wpforms-field wpforms-field-name\" data-field-id=\"1\"><label class=\"wpforms-field-label\" for=\"wpforms-3948-field_1\">H\u1ecd V\u00e0 T\u00ean <span class=\"wpforms-required-label\">*<\/span><\/label><input type=\"text\" id=\"wpforms-3948-field_1\" class=\"wpforms-field-medium wpforms-field-required\" name=\"wpforms[fields][1]\" required><\/div><div id=\"wpforms-3948-field_5-container\" class=\"wpforms-field wpforms-field-name\" data-field-id=\"5\"><label class=\"wpforms-field-label\" for=\"wpforms-3948-field_5\">S\u1ed1 \u0110i\u1ec7n Tho\u1ea1i <span class=\"wpforms-required-label\">*<\/span><\/label><input type=\"text\" id=\"wpforms-3948-field_5\" class=\"wpforms-field-medium wpforms-field-required\" name=\"wpforms[fields][5]\" required><\/div><div id=\"wpforms-3948-field_2-container\" class=\"wpforms-field wpforms-field-email\" data-field-id=\"2\"><label class=\"wpforms-field-label\" for=\"wpforms-3948-field_2\">Email <span class=\"wpforms-required-label\">*<\/span><\/label><input type=\"email\" id=\"wpforms-3948-field_2\" class=\"wpforms-field-medium wpforms-field-required\" name=\"wpforms[fields][2]\" spellcheck=\"false\" required><\/div><div id=\"wpforms-3948-field_4-container\" class=\"wpforms-field wpforms-field-textarea\" data-field-id=\"4\"><label class=\"wpforms-field-label\" for=\"wpforms-3948-field_4\">L\u1eddi nh\u1eafn c\u1ee7a b\u1ea1n cho Nataby Care<\/label><textarea id=\"wpforms-3948-field_4\" class=\"wpforms-field-medium\" name=\"wpforms[fields][4]\" ><\/textarea><\/div><script>\n\t\t\t\t( function() {\n\t\t\t\t\tconst style = document.createElement( 'style' );\n\t\t\t\t\tstyle.appendChild( document.createTextNode( '#wpforms-3948-field_3-container { position: absolute !important; overflow: hidden !important; display: inline !important; height: 1px !important; width: 1px !important; z-index: -1000 !important; padding: 0 !important; } #wpforms-3948-field_3-container input { visibility: hidden; } #wpforms-conversational-form-page #wpforms-3948-field_3-container label { counter-increment: none; }' ) );\n\t\t\t\t\tdocument.head.appendChild( style );\n\t\t\t\t\tdocument.currentScript?.remove();\n\t\t\t\t} )();\n\t\t\t<\/script><\/div><!-- .wpforms-field-container --><div class=\"wpforms-submit-container\" ><input type=\"hidden\" name=\"wpforms[id]\" value=\"3948\"><input type=\"hidden\" name=\"page_title\" value=\"\"><input type=\"hidden\" name=\"page_url\" value=\"https:\/\/natabycare.com\/en\/wp-json\/wp\/v2\/pages\/3975\"><input type=\"hidden\" name=\"url_referer\" value=\"\"><button type=\"submit\" name=\"wpforms[submit]\" id=\"wpforms-submit-3948\" class=\"wpforms-submit\" data-alt-text=\"\u0110ang g\u1eedi...\" data-submit-text=\"G\u1eedi\" aria-live=\"assertive\" value=\"wpforms-submit\">G\u1eedi<\/button><img decoding=\"async\" src=\"https:\/\/natabycare.com\/wp-content\/plugins\/wpforms-lite\/assets\/images\/submit-spin.svg\" class=\"wpforms-submit-spinner\" style=\"display: none;\" width=\"26\" height=\"26\" alt=\"Loading\"><\/div><\/form><\/div>  <!-- .wpforms-container -->\t\t\t\t<\/div>\n\t\t\t\t<\/div>\n\t\t\t\t<div class=\"elementor-element elementor-element-f2d5ad5 elementor-align-center elementor-widget elementor-widget-button\" data-id=\"f2d5ad5\" data-element_type=\"widget\" data-widget_type=\"button.default\">\n\t\t\t\t\t\t\t\t\t\t<a class=\"elementor-button elementor-button-link elementor-size-sm\" href=\"https:\/\/zalo.me\/2310089697643915473\" target=\"_blank\" rel=\"noopener\">\n\t\t\t\t\t\t<span class=\"elementor-button-content-wrapper\">\n\t\t\t\t\t\t\t\t\t<span class=\"elementor-button-text\">T\u01af V\u1ea4N H\u1ed6 TR\u1ee2<\/span>\n\t\t\t\t\t<\/span>\n\t\t\t\t\t<\/a>\n\t\t\t\t\t\t\t\t<\/div>\n\t\t\t\t<\/div>\n\t\t<div class=\"elementor-element elementor-element-cc02a9b e-con-full e-flex e-con e-child\" data-id=\"cc02a9b\" data-element_type=\"container\">\n\t\t\t\t<div class=\"elementor-element elementor-element-f9d2555 elementor-widget elementor-widget-heading\" data-id=\"f9d2555\" data-element_type=\"widget\" data-widget_type=\"heading.default\">\n\t\t\t\t\t<h2 class=\"elementor-heading-title elementor-size-default\">Li\u00ean h\u1ec7 v\u1edbi Nataby Care<\/h2>\t\t\t\t<\/div>\n\t\t\t\t<div class=\"elementor-element elementor-element-fcc9fe3 elementor-widget elementor-widget-text-editor\" data-id=\"fcc9fe3\" data-element_type=\"widget\" data-widget_type=\"text-editor.default\">\n\t\t\t\t\t\t\t\t\t<p data-start=\"408\" data-end=\"604\">\ud83d\udccd \u0110\u1ecba Ch\u1ec9 :T\u1ea7ng tr\u1ec7t, 85-86-87 B\u1ebfn V\u00e2n \u0110\u1ed3n, Ph\u01b0\u1eddng Kh\u00e1nh H\u1ed9i, Tp.HCM<\/p><p data-start=\"408\" data-end=\"604\">\ud83d\udcac Zalo OA: <a href=\"https:\/\/zalo.me\/2310089697643915473\" target=\"_blank\" rel=\"noopener\">Nataby Care OA<\/a><\/p><p data-start=\"408\" data-end=\"604\">\ud83d\udcac Messenger: <a href=\"https:\/\/m.me\/natabycare\">Nataby Care Messenger<\/a><\/p><p data-start=\"408\" data-end=\"604\">\ud83d\udcde <strong data-start=\"1432\" data-end=\"1443\">Hotline\/Whatsapp<\/strong>: 0335 917 492<\/p><p data-start=\"408\" data-end=\"604\">\ud83d\udce7 <strong data-start=\"1464\" data-end=\"1473\">Email<\/strong>: contact@natabycare.com<\/p><p data-start=\"408\" data-end=\"604\"><strong data-start=\"1502\" data-end=\"1513\">\ud83c\udf10Website<\/strong>:\u00a0<a class=\"cursor-pointer\" href=\"https:\/\/natabycare.com\/\" target=\"_new\" rel=\"noopener\" data-start=\"1515\" data-end=\"1553\">natabycare.com<\/a><\/p><p data-start=\"408\" data-end=\"604\"><strong data-start=\"408\" data-end=\"423\">Nataby Care<\/strong> l\u00e0 \u0111\u01a1n v\u1ecb ti\u00ean phong cung c\u1ea5p d\u1ecbch v\u1ee5 <strong>ch\u0103m b\u00e9 v\u00e0 ng\u01b0\u1eddi cao tu\u1ed5i\u00a0 t\u1ea1i nh\u00e0 v\u00e0 t\u1ea1i vi\u1ec7n<\/strong>, mang \u0111\u1ebfn gi\u1ea3i ph\u00e1p ch\u0103m s\u00f3c <strong data-start=\"533\" data-end=\"577\">to\u00e0n di\u1ec7n \u2013 linh ho\u1ea1t \u2013 d\u1ec5 d\u00e0ng \u0111\u1eb7t l\u1ecbch<\/strong> cho c\u00e1c gia \u0111\u00ecnh hi\u1ec7n \u0111\u1ea1i.<\/p><p data-start=\"606\" data-end=\"775\">Ch\u00fang t\u00f4i th\u1ea5u hi\u1ec3u r\u1eb1ng trong cu\u1ed9c s\u1ed1ng b\u1eadn r\u1ed9n hi\u1ec7n n\u00e0y kh\u00f4ng ph\u1ea3i l\u00fac n\u00e0o ch\u00fang ta c\u0169ng c\u00f3 th\u1ec3 \u1edf b\u00ean nh\u1eefng ng\u01b0\u1eddi th\u00e2n y\u00eau\u00a0 24\/7, v\u00e0 vi\u1ec7c t\u00ecm \u0111\u01b0\u1ee3c ng\u01b0\u1eddi ch\u0103m b\u00e9\u00a0 v\u00e0 ng\u01b0\u1eddi cao tu\u1ed5i <strong data-start=\"717\" data-end=\"747\">an to\u00e0n, t\u1eadn t\u00e2m, \u0111\u00fang gi\u1edd<\/strong> l\u00e0 \u0111i\u1ec1u v\u00f4 c\u00f9ng quan tr\u1ecdng.<\/p><h3 data-start=\"782\" data-end=\"821\">\u2728 D\u1ecbch v\u1ee5 c\u1ee7a Nataby Care mang \u0111\u1ebfn:<\/h3><ul><li style=\"list-style-type: none;\"><ul data-start=\"822\" data-end=\"1194\"><li data-start=\"822\" data-end=\"903\"><p data-start=\"824\" data-end=\"903\"><strong data-start=\"824\" data-end=\"849\">S\u1ef1 ti\u1ec7n l\u1ee3i tuy\u1ec7t \u0111\u1ed1i<\/strong>: \u0111\u1eb7t l\u1ecbch nhanh ch\u00f3ng qua Zalo, hotline ho\u1eb7c website.<\/p><\/li><li data-start=\"904\" data-end=\"1004\"><p data-start=\"906\" data-end=\"1004\"><strong data-start=\"906\" data-end=\"932\">Ch\u0103m s\u00f3c chuy\u00ean nghi\u1ec7p<\/strong>: \u0111\u1ed9i ng\u0169 ch\u0103m s\u00f3c vi\u00ean \u0111\u01b0\u1ee3c \u0111\u00e0o t\u1ea1o b\u00e0i b\u1ea3n, t\u1eadn t\u00e2m v\u00e0 lu\u00f4n s\u1eb5n s\u00e0ng h\u1ed7 tr\u1ee3.<\/p><\/li><li data-start=\"1005\" data-end=\"1099\"><p data-start=\"1007\" data-end=\"1099\"><strong data-start=\"1007\" data-end=\"1033\">Linh ho\u1ea1t theo nhu c\u1ea7u<\/strong>: t\u1eeb ch\u0103m s\u00f3c v\u00e0i gi\u1edd \u0111\u1ebfn tr\u1ecdn ng\u00e0y, t\u1ea1i nh\u00e0 ri\u00eang ho\u1eb7c b\u1ec7nh vi\u1ec7n.<\/p><\/li><li data-start=\"1100\" data-end=\"1194\"><p data-start=\"1102\" data-end=\"1194\"><strong data-start=\"1102\" data-end=\"1122\">An t\u00e2m tuy\u1ec7t \u0111\u1ed1i<\/strong>: b\u00e1o c\u00e1o \u0111\u1ea7y \u0111\u1ee7 sau m\u1ed7i ca ch\u0103m s\u00f3c, lu\u00f4n c\u00f3 ng\u01b0\u1eddi gi\u00e1m s\u00e1t ch\u1ea5t l\u01b0\u1ee3ng.<\/p><\/li><\/ul><\/li><\/ul><p><strong data-start=\"1201\" data-end=\"1244\">Ch\u00fang t\u00f4i \u0111\u1ed3ng h\u00e0nh c\u00f9ng ch\u0103m s\u00f3c nh\u1eefng ng\u01b0\u1eddi th\u00e2n y\u00eau c\u1ee7a b\u1ea1n<\/strong>, ch\u0103m s\u00f3c b\u00e9 v\u00e0 ng\u01b0\u1eddi cao tu\u1ed5i trong m\u00f4i tr\u01b0\u1eddng th\u00e2n quen, gi\u00fap b\u1ea1n y\u00ean t\u00e2m l\u00e0m vi\u1ec7c, ngh\u1ec9 ng\u01a1i ho\u1eb7c gi\u1ea3i quy\u1ebft nh\u1eefng vi\u1ec7c ri\u00eang quan tr\u1ecdng.<\/p>\t\t\t\t\t\t\t\t<\/div>\n\t\t\t\t<div class=\"elementor-element elementor-element-bfe3f3d elementor-align-center elementor-widget elementor-widget-button\" data-id=\"bfe3f3d\" data-element_type=\"widget\" data-widget_type=\"button.default\">\n\t\t\t\t\t\t\t\t\t\t<a class=\"elementor-button elementor-button-link elementor-size-sm\" href=\"https:\/\/zalo.me\/2310089697643915473\" target=\"_blank\" rel=\"noopener\">\n\t\t\t\t\t\t<span class=\"elementor-button-content-wrapper\">\n\t\t\t\t\t\t\t\t\t<span class=\"elementor-button-text\">\u0110\u1eb6T L\u1ecaCH<\/span>\n\t\t\t\t\t<\/span>\n\t\t\t\t\t<\/a>\n\t\t\t\t\t\t\t\t<\/div>\n\t\t\t\t<\/div>\n\t\t\t\t\t<\/div>\n\t\t\t\t<\/div>\n\t\t<div class=\"elementor-element elementor-element-3b3c541 e-flex e-con-boxed e-con e-parent\" data-id=\"3b3c541\" data-element_type=\"container\">\n\t\t\t\t\t<div class=\"e-con-inner\">\n\t\t\t\t\t<\/div>\n\t\t\t\t<\/div>\n\t\t\t\t<\/div>\n\t\t","protected":false},"excerpt":{"rendered":"<p>H\u00e3y \u0111\u1ec3 l\u1ea1i l\u1eddi nh\u1eafn c\u1ee7a b\u1ea1n Please enable JavaScript in your browser to complete this form.H\u1ecd V\u00e0 T\u00ean *S\u1ed1 [&hellip;]<\/p>\n","protected":false},"author":1,"featured_media":0,"parent":0,"menu_order":0,"comment_status":"closed","ping_status":"closed","template":"","meta":{"_uag_custom_page_level_css":"","site-sidebar-layout":"no-sidebar","site-content-layout":"page-builder","ast-site-content-layout":"full-width-container","site-content-style":"default","site-sidebar-style":"default","ast-global-header-display":"","ast-banner-title-visibility":"","ast-main-header-display":"","ast-hfb-above-header-display":"","ast-hfb-below-header-display":"","ast-hfb-mobile-header-display":"","site-post-title":"disabled","ast-breadcrumbs-content":"","ast-featured-img":"disabled","footer-sml-layout":"","theme-transparent-header-meta":"","adv-header-id-meta":"","stick-header-meta":"","header-above-stick-meta":"","header-main-stick-meta":"","header-below-stick-meta":"","astra-migrate-meta-layouts":"set","ast-page-background-enabled":"default","ast-page-background-meta":{"desktop":{"background-color":"var(--ast-global-color-4)","background-image":"","background-repeat":"repeat","background-position":"center center","background-size":"auto","background-attachment":"scroll","background-type":"","background-media":"","overlay-type":"","overlay-color":"","overlay-opacity":"","overlay-gradient":""},"tablet":{"background-color":"","background-image":"","background-repeat":"repeat","background-position":"center center","background-size":"auto","background-attachment":"scroll","background-type":"","background-media":"","overlay-type":"","overlay-color":"","overlay-opacity":"","overlay-gradient":""},"mobile":{"background-color":"","background-image":"","background-repeat":"repeat","background-position":"center center","background-size":"auto","background-attachment":"scroll","background-type":"","background-media":"","overlay-type":"","overlay-color":"","overlay-opacity":"","overlay-gradient":""}},"ast-content-background-meta":{"desktop":{"background-color":"var(--ast-global-color-5)","background-image":"","background-repeat":"repeat","background-position":"center center","background-size":"auto","background-attachment":"scroll","background-type":"","background-media":"","overlay-type":"","overlay-color":"","overlay-opacity":"","overlay-gradient":""},"tablet":{"background-color":"var(--ast-global-color-5)","background-image":"","background-repeat":"repeat","background-position":"center center","background-size":"auto","background-attachment":"scroll","background-type":"","background-media":"","overlay-type":"","overlay-color":"","overlay-opacity":"","overlay-gradient":""},"mobile":{"background-color":"var(--ast-global-color-5)","background-image":"","background-repeat":"repeat","background-position":"center center","background-size":"auto","background-attachment":"scroll","background-type":"","background-media":"","overlay-type":"","overlay-color":"","overlay-opacity":"","overlay-gradient":""}},"footnotes":""},"class_list":["post-3975","page","type-page","status-publish","hentry"],"aioseo_notices":[],"uagb_featured_image_src":{"full":false,"thumbnail":false,"medium":false,"medium_large":false,"large":false,"1536x1536":false,"2048x2048":false,"trp-custom-language-flag":false,"tp-image-grid":false,"widget-thumbnail":false},"uagb_author_info":{"display_name":"nataby522@gmail.com","author_link":"https:\/\/natabycare.com\/en\/author\/nataby522gmail-com\/"},"uagb_comment_info":0,"uagb_excerpt":"H\u00e3y \u0111\u1ec3 l\u1ea1i l\u1eddi nh\u1eafn c\u1ee7a b\u1ea1n Please enable JavaScript in your browser to complete this form.H\u1ecd V\u00e0 T\u00ean *S\u1ed1 [&hellip;]","_links":{"self":[{"href":"https:\/\/natabycare.com\/en\/wp-json\/wp\/v2\/pages\/3975","targetHints":{"allow":["GET"]}}],"collection":[{"href":"https:\/\/natabycare.com\/en\/wp-json\/wp\/v2\/pages"}],"about":[{"href":"https:\/\/natabycare.com\/en\/wp-json\/wp\/v2\/types\/page"}],"author":[{"embeddable":true,"href":"https:\/\/natabycare.com\/en\/wp-json\/wp\/v2\/users\/1"}],"replies":[{"embeddable":true,"href":"https:\/\/natabycare.com\/en\/wp-json\/wp\/v2\/comments?post=3975"}],"version-history":[{"count":47,"href":"https:\/\/natabycare.com\/en\/wp-json\/wp\/v2\/pages\/3975\/revisions"}],"predecessor-version":[{"id":4904,"href":"https:\/\/natabycare.com\/en\/wp-json\/wp\/v2\/pages\/3975\/revisions\/4904"}],"wp:attachment":[{"href":"https:\/\/natabycare.com\/en\/wp-json\/wp\/v2\/media?parent=3975"}],"curies":[{"name":"wp","href":"https:\/\/api.w.org\/{rel}","templated":true}]}}